{"id":20,"date":"2021-02-03T14:43:40","date_gmt":"2021-02-03T14:43:40","guid":{"rendered":"https:\/\/mohdchauhan.com\/tykkisluuppi\/?page_id=20"},"modified":"2021-02-13T08:18:58","modified_gmt":"2021-02-13T08:18:58","slug":"yleisopurjehdus","status":"publish","type":"page","link":"https:\/\/mohdchauhan.com\/tykkisluuppi\/yleisopurjehdus\/","title":{"rendered":"Yleis\u00f6purjehdus"},"content":{"rendered":"<h2>Tykkisluuppi Dianan yleis\u00f6purjehdukset<\/h2>\n<div class=\"hgltbox\">Tykkisluuppi Dianan kes\u00e4n perhe- ja yleis\u00f6purjehduksia j\u00e4rjestet\u00e4\u00e4n j\u00e4lleen kes\u00e4ll\u00e4 2020. Yleis\u00f6purjehduksia j\u00e4rjestet\u00e4\u00e4n ajalla 30.6.-7.8.2021.<\/div>\n<p><img loading=\"lazy\" decoding=\"async\" class=\"size-full wp-image-225 alignleft\" src=\"https:\/\/mohdchauhan.com\/tykkisluuppi\/wp-content\/uploads\/2021\/02\/page-pic9.jpg\" alt=\"\" width=\"370\" height=\"450\" srcset=\"https:\/\/mohdchauhan.com\/tykkisluuppi\/wp-content\/uploads\/2021\/02\/page-pic9.jpg 370w, https:\/\/mohdchauhan.com\/tykkisluuppi\/wp-content\/uploads\/2021\/02\/page-pic9-247x300.jpg 247w\" sizes=\"auto, (max-width: 370px) 100vw, 370px\" \/><\/p>\n<h3>Purjehdus 1700-luvun tyyliin \u2013 yleis\u00f6purjehdus<\/h3>\n<h4><strong>Ajalla 30.6.-7.8.2021:<\/strong><\/h4>\n<p>Keskiviikkoisin, torstaisin ja lauantaisin kello 13.00 ja 15.30. Lis\u00e4ksi elokussa lauantaisin 14.8. ja 28.8.2021 kello 13.00 ja 15.30<\/p>\n<p>Luvassa on amiraali Chapmain tahdittama mielenkiintoinen laivamatka valistusajan Viaporiin. Dianan purjehduksien aikana n\u00e4hd\u00e4\u00e4n Suomenlinnaa merelt\u00e4 k\u00e4sin ja kuullaan saaristolaivaston kiehtovasta historiasta. Osallistujat p\u00e4\u00e4sev\u00e4t halutessaan avustamaan 1700-luvun univormuihin sonnutautunutta miehist\u00f6\u00e4 purjeiden nostossa ja laskussa, lis\u00e4ksi muutama reipas p\u00e4\u00e4see mukaan soutuharjoitukseen.<\/p>\n<p><a href=\"https:\/\/suomenlinna.johku.com\/fi_FI\/categories\/5-tykkisluuppi\/products\/7-suomenlinna-yleisopurjehdus-tykkisluuppi-dianalla-1700-luvun-tyyliin\" target=\"_blank\" rel=\"noopener\">Liput yleis\u00f6purjehdukselle verkkokaupasta<\/a><\/p>\n<hr \/>\n<p><img loading=\"lazy\" decoding=\"async\" class=\"size-full wp-image-223 alignleft\" src=\"https:\/\/mohdchauhan.com\/tykkisluuppi\/wp-content\/uploads\/2021\/02\/page-pic7.jpg\" alt=\"\" width=\"370\" height=\"450\" srcset=\"https:\/\/mohdchauhan.com\/tykkisluuppi\/wp-content\/uploads\/2021\/02\/page-pic7.jpg 370w, https:\/\/mohdchauhan.com\/tykkisluuppi\/wp-content\/uploads\/2021\/02\/page-pic7-247x300.jpg 247w\" sizes=\"auto, (max-width: 370px) 100vw, 370px\" \/><\/p>\n<h3>Lahjakortti<\/h3>\n<p>Anna lahjaksi aikamatka 1700-luvulle. Lahjansaaja p\u00e4\u00e4see purjehtimaan 1700-luvun tyyliin Suomenlinnan l\u00e4hivesille. Purjehdus tarjoilee laivaston historiaa ja 1700-luvun meininki\u00e4 el\u00e4v\u00e4sti ja hauskasti draaman keinoin \u2013 purjehdusta luotsaa itse Amiraali Chapman. Osallistujilla on my\u00f6s mahdollisuus avustaa miehist\u00f6\u00e4 purjeiden nostossa ja laskussa.<\/p>\n<p>Lahjakortti <strong>(arvo 50 \u20ac)<\/strong> kattaa kahden aikuisen liput purjehdukselle, tai esimerkiksi liput yhdelle aikuiselle ja kahdelle lapselle.<\/p>\n<p><a href=\"https:\/\/suomenlinna.johku.com\/fi_FI\/categories\/5-tykkisluuppi\/products\/101-suomenlinna-lahjakortti-purjehdus-tykkisluupilla\" target=\"_blank\" rel=\"noopener\">Lue lis\u00e4\u00e4 ja osta lahjakortti<\/a><\/p>\n<p>&nbsp;<\/p>\n<hr \/>\n<h3>Yleis\u00f6purjehduksen kesto ja l\u00e4ht\u00f6paikka<\/h3>\n<p>Purjehduksen kesto on noin 1 tunti ja 45 minuuttia. Purjehdukset l\u00e4htev\u00e4t Suomenlinnan Tykist\u00f6lahdelta, ellei tosin mainita.<\/p>\n<p><strong>Huomioitavaa:<\/strong><\/p>\n<p>Diana on avovene, joten s\u00e4\u00e4nmukainen varustus on t\u00e4rke\u00e4. Merell\u00e4 voi olla tuulen vuoksi viile\u00e4\u00e4 l\u00e4mpim\u00e4n\u00e4kin p\u00e4iv\u00e4n\u00e4. Mukaan on hyv\u00e4 varata l\u00e4mmin ja rento vapaa-ajan asu sek\u00e4 matalat keng\u00e4t. Aururinkoisena p\u00e4iv\u00e4n\u00e4 on hyv\u00e4 suojautua auringonpaisteelta. Sateen sattuessa on hyv\u00e4 ottaa mukaan sadetakki. Mukaan kannattaa ottaa my\u00f6s vesipullo.<\/p>\n<p>Lapset saavat osallistua purjehdukselle vain aikuisen seurassa. Alukseen ei ole esteet\u00f6nt\u00e4 p\u00e4\u00e4sy\u00e4.<\/p>\n<p>Osallistu turvallisesti purjehdukselle<br \/>\nPidet\u00e4\u00e4n yhdess\u00e4 huolta toisistamme ja muistetaan alukseen noustessa ja siell\u00e4 ollessa pit\u00e4\u00e4 turvav\u00e4lit toisiin. Henkil\u00f6kuntamme huolehtii ja ohjeistaa purjehduksen aikana miten aluksella liikutaan. Tykkisluuppi Diana on avovene, joten purjehduksen aikana olla ulkona merell\u00e4, mutta pidet\u00e4\u00e4n turvav\u00e4lit my\u00f6s aluksella. Seuraa ja noudata henkil\u00f6kunnan ohjeita ja toimi niiden mukaan.<\/p>\n<p>Osallistu purjehdukselle vain terveen\u00e4. Noudata hyv\u00e4\u00e4 k\u00e4sihygieniaa ja saavu paikalle puhtain k\u00e4sin. Moikataan k\u00e4denheilahduksella kun tavataan. Osallistujam\u00e4\u00e4r\u00e4t ovat purjehdukselle normaalia pienemm\u00e4t, jotta turvav\u00e4lit olisi helpompi pit\u00e4\u00e4. Riskiryhmi\u00e4 varten ei ole erillisj\u00e4rjestelyit\u00e4, koska viranomaisohjeiden mukaan ei suositella tapahtumiin osallistumista.<\/p>\n<h3><\/h3>\n<div class=\"hgltbox\">\n<h3>Yleis\u00f6purjehduksen lipunmyynti ja hinnat<\/h3>\n<p>Lippuja purjehduksille myyd\u00e4\u00e4n ennakkoon <a href=\"https:\/\/suomenlinna.johku.com\/fi_FI\/categories\/5-tykkisluuppi\/products\/7-suomenlinna-yleisopurjehdus-tykkisluuppi-dianalla-1700-luvun-tyyliin\" target=\"_blank\" rel=\"noopener\">Ehrensv\u00e4rd-seuran verkkokaupasta<\/a>. Osallistujien m\u00e4\u00e4r\u00e4 purjehduksille on rajattu, suosittelemme lippujen ennakkovaraamista.<\/p>\n<p><strong>Hinnat (sis 10 % alv):<\/strong><br \/>\nAikuinen 25 \u20ac<br \/>\nLapsi 12,50 \u20ac (alle 16 vuotta), Lapsi 7 \u20ac (0-2 vuotta)<\/p>\n<p><strong>Huom:<\/strong> Mik\u00e4li haluat osallistua purjehdukselle <a href=\"https:\/\/www.elamyslahjat.fi\/lahjat\/liput-tykkisluuppi-dianan-2\" target=\"_blank\" rel=\"noopener\">El\u00e4myslahjojen<\/a> lahjakortilla, varaa paikkasi purjehdukselle ennakkoon s\u00e4hk\u00f6postitse <a class=\"emaillink\" href=\"mailto:guidebooking@suomenlinnatours.com\"><span class=\"sr-only\">Email address<\/span>guidebooking (at) suomenlinnatours.com<\/a> tai <span class=\"phoneno\"><span class=\"sr-only\">Phone number<\/span>(09) 684 1850<\/span>.<\/p>\n<p><strong>Huom:<\/strong> Mik\u00e4li purjehduksen minimi osallistujam\u00e4\u00e4r\u00e4 ei toteudu, purjehdus voidaan peruuttaa. T\u00e4ll\u00f6in asiasta ilmoitetaan ja purjehduksen voi siirt\u00e4\u00e4 toiselle p\u00e4iv\u00e4lle tai vaihtoehtoisesti lippurahat palautetaan lipun ostaneille.<\/p>\n<\/div>\n<h3>Yleis\u00f6purjehduksien lipunmyynti<\/h3>\n<p>Liput purjehduksille Ehrensv\u00e4rd-seuran verkkokaupasta<\/p>\n<p><strong>Tiedustelut:<\/strong> Ehrensv\u00e4rd-seura <span class=\"phoneno\"><span class=\"sr-only\">Phone number<\/span>(09) 684 1850<\/span>, <a class=\"emaillink\" href=\"mailto:guidebooking@suomenlinnatours.com\"><span class=\"sr-only\">Email address<\/span>guidebooking (at) suomenlinnatours.com<\/a><\/p>\n<p>Rajoitamme vastuumme ohjelman j\u00e4rjest\u00e4misest\u00e4 merilain mukaisesti. Pid\u00e4t\u00e4mme oikeuden tehd\u00e4 muutoksia annettuihin tietoihin.<br \/>\nS\u00e4\u00e4 voi vaikuttaa purjehduksen aikana kuljettavaan reittiin ja kulkutapaan.<\/p>\n<p>Tykkisluuppi Dianan l\u00f6yt\u00e4\u00e4 my\u00f6s <a href=\"http:\/\/www.facebook.com\/tykkisluuppi\" target=\"_blank\" rel=\"noopener\">Facebookista<\/a> ja <a href=\"http:\/\/www.instagram.com\/tykkisluuppi\" target=\"_blank\" rel=\"noopener\">Instagramista<\/a>.<\/p>\n","protected":false},"excerpt":{"rendered":"<p>Tykkisluuppi Dianan yleis\u00f6purjehdukset Tykkisluuppi Dianan kes\u00e4n perhe- ja yleis\u00f6purjehduksia j\u00e4rjestet\u00e4\u00e4n j\u00e4lleen kes\u00e4ll\u00e4 2020. Yleis\u00f6purjehduksia j\u00e4rjestet\u00e4\u00e4n ajalla 30.6.-7.8.2021. Purjehdus 1700-luvun tyyliin \u2013 yleis\u00f6purjehdus Ajalla 30.6.-7.8.2021: Keskiviikkoisin, torstaisin ja lauantaisin kello 13.00 ja 15.30. Lis\u00e4ksi elokussa lauantaisin 14.8. ja 28.8.2021 kello 13.00 ja 15.30 Luvassa on amiraali Chapmain tahdittama mielenkiintoinen laivamatka valistusajan Viaporiin. Dianan purjehduksien aikana n\u00e4hd\u00e4\u00e4n [&hellip;]<\/p>\n","protected":false},"author":1,"featured_media":0,"parent":0,"menu_order":0,"comment_status":"closed","ping_status":"closed","template":"","meta":{"_acf_changed":false,"footnotes":""},"class_list":["post-20","page","type-page","status-publish","hentry"],"acf":[],"_links":{"self":[{"href":"https:\/\/mohdchauhan.com\/tykkisluuppi\/wp-json\/wp\/v2\/pages\/20","targetHints":{"allow":["GET"]}}],"collection":[{"href":"https:\/\/mohdchauhan.com\/tykkisluuppi\/wp-json\/wp\/v2\/pages"}],"about":[{"href":"https:\/\/mohdchauhan.com\/tykkisluuppi\/wp-json\/wp\/v2\/types\/page"}],"author":[{"embeddable":true,"href":"https:\/\/mohdchauhan.com\/tykkisluuppi\/wp-json\/wp\/v2\/users\/1"}],"replies":[{"embeddable":true,"href":"https:\/\/mohdchauhan.com\/tykkisluuppi\/wp-json\/wp\/v2\/comments?post=20"}],"version-history":[{"count":0,"href":"https:\/\/mohdchauhan.com\/tykkisluuppi\/wp-json\/wp\/v2\/pages\/20\/revisions"}],"wp:attachment":[{"href":"https:\/\/mohdchauhan.com\/tykkisluuppi\/wp-json\/wp\/v2\/media?parent=20"}],"curies":[{"name":"wp","href":"https:\/\/api.w.org\/{rel}","templated":true}]}}