{"id":22,"date":"2021-02-03T14:43:49","date_gmt":"2021-02-03T14:43:49","guid":{"rendered":"https:\/\/mohdchauhan.com\/tykkisluuppi\/?page_id=22"},"modified":"2021-02-08T16:21:36","modified_gmt":"2021-02-08T16:21:36","slug":"soudut-sluupilla","status":"publish","type":"page","link":"https:\/\/mohdchauhan.com\/tykkisluuppi\/soudut-sluupilla\/","title":{"rendered":"Soudut sluupilla"},"content":{"rendered":"<p>Voit my\u00f6s varata reipashenkisen souturetken ryhm\u00e4llesi tykkisluuppi Dianalla.<\/p>\n<hr \/>\n<p><img loading=\"lazy\" decoding=\"async\" class=\"alignleft size-full wp-image-224\" src=\"https:\/\/mohdchauhan.com\/tykkisluuppi\/wp-content\/uploads\/2021\/02\/page-pic8.jpg\" alt=\"\" width=\"370\" height=\"450\" srcset=\"https:\/\/mohdchauhan.com\/tykkisluuppi\/wp-content\/uploads\/2021\/02\/page-pic8.jpg 370w, https:\/\/mohdchauhan.com\/tykkisluuppi\/wp-content\/uploads\/2021\/02\/page-pic8-247x300.jpg 247w\" sizes=\"auto, (max-width: 370px) 100vw, 370px\" \/><\/p>\n<h2>Soutamalla Suomenlinnaan<\/h2>\n<p>Millaista olisi ollut soutaa Viaporin saaristolaivastoon kuulunutta tykkisluuppia? Tykkisluuppi Dianaa varten on veistetty yli 8-metriset puiset airot, joten alusta voidaan soutaa aivan kuten sen esikuvia 1700-luvun loppupuolella. Yleens\u00e4 kaksi henkil\u00f6\u00e4 k\u00e4ytt\u00e4\u00e4 yht\u00e4 airoa. Sluupin soutuharjoittelu Suomenlinnan ja Vallisaaren l\u00e4hivesill\u00e4 tarjoaa hienoja n\u00e4k\u00f6kulmia linnoitussaariin ja ennen kaikkea j\u00e4nnitt\u00e4v\u00e4n seikkailun ryhm\u00e4lle, joka haluaa haastaa tiimitaitonsa ja saada aluksen lihasvoimin liikkeelle.<\/p>\n<hr \/>\n<div class=\"hgltbox\">Kesto on noin kaksi tuntia. Soutajia olisi hyv\u00e4 olla v\u00e4hint\u00e4\u00e4n noin 16 henkil\u00f6\u00e4. Ryhm\u00e4n koko korkeintaan 30-40 henkil\u00f6\u00e4. Soutuun osallistumiseen tarvitaan hyv\u00e4\u00e4 peruskuntoa. Matkaan voidaan l\u00e4hte\u00e4 Suomenlinan Tykist\u00f6lahdelta tai Halkolaiturilta Pohjoisrannasta. Airot lasketaan veteen merell\u00e4 ja t\u00e4m\u00e4n j\u00e4lkeen matkataan soutaen. Hinta: 1500 + ALV 10%.<\/div>\n<hr \/>\n<p><img loading=\"lazy\" decoding=\"async\" class=\"alignleft size-full wp-image-226\" src=\"https:\/\/mohdchauhan.com\/tykkisluuppi\/wp-content\/uploads\/2021\/02\/page-pic10.jpg\" alt=\"\" width=\"370\" height=\"450\" srcset=\"https:\/\/mohdchauhan.com\/tykkisluuppi\/wp-content\/uploads\/2021\/02\/page-pic10.jpg 370w, https:\/\/mohdchauhan.com\/tykkisluuppi\/wp-content\/uploads\/2021\/02\/page-pic10-247x300.jpg 247w\" sizes=\"auto, (max-width: 370px) 100vw, 370px\" \/><\/p>\n<p>Matkalle voi varata lis\u00e4palveluna mukaan soutua tahdittamaan itsens\u00e4 amiraali F. H. af Chapmanin, joka aikoinaan suunnitteli tykkisluupin.<\/p>\n<p><strong>Huomioitavaa:<\/strong> Diana on avovene, joten s\u00e4\u00e4nmukainen varustus on t\u00e4rke\u00e4. Merell\u00e4 voi olla tuulen vuoksi viile\u00e4\u00e4 l\u00e4mpim\u00e4n\u00e4kin p\u00e4iv\u00e4n\u00e4. Mukaan on hyv\u00e4 varata l\u00e4mmin ja rento vapaa-ajan asu sek\u00e4 matalat keng\u00e4t. Sateen sattuessa on hyv\u00e4 ottaa mukaan sadetakki. Mukaan kannattaa ottaa my\u00f6s vesipullo. Lapset saavat osallistua vain aikuisen seurassa.<\/p>\n<hr \/>\n<p><strong>Tiedustelut:<\/strong> Ehrensv\u00e4rd-seura <span class=\"phoneno\"><span class=\"sr-only\">Phone number<\/span>(09) 684 1850<\/span>, <a class=\"emaillink\" href=\"mailto:guidebooking@suomenlinnatours.com\"><span class=\"sr-only\">Email address<\/span>guidebooking (at) suomenlinnatours.com<\/a><\/p>\n<p>Rajoitamme vastuumme ohjelman j\u00e4rjest\u00e4misest\u00e4 merilain mukaisesti. Pid\u00e4t\u00e4mme oikeuden tehd\u00e4 muutoksia annettuihin tietoihin.<\/p>\n","protected":false},"excerpt":{"rendered":"<p>Voit my\u00f6s varata reipashenkisen souturetken ryhm\u00e4llesi tykkisluuppi Dianalla. Soutamalla Suomenlinnaan Millaista olisi ollut soutaa Viaporin saaristolaivastoon kuulunutta tykkisluuppia? Tykkisluuppi Dianaa varten on veistetty yli 8-metriset puiset airot, joten alusta voidaan soutaa aivan kuten sen esikuvia 1700-luvun loppupuolella. Yleens\u00e4 kaksi henkil\u00f6\u00e4 k\u00e4ytt\u00e4\u00e4 yht\u00e4 airoa. Sluupin soutuharjoittelu Suomenlinnan ja Vallisaaren l\u00e4hivesill\u00e4 tarjoaa hienoja n\u00e4k\u00f6kulmia linnoitussaariin ja ennen [&hellip;]<\/p>\n","protected":false},"author":1,"featured_media":0,"parent":0,"menu_order":0,"comment_status":"closed","ping_status":"closed","template":"","meta":{"_acf_changed":false,"footnotes":""},"class_list":["post-22","page","type-page","status-publish","hentry"],"acf":[],"_links":{"self":[{"href":"https:\/\/mohdchauhan.com\/tykkisluuppi\/wp-json\/wp\/v2\/pages\/22","targetHints":{"allow":["GET"]}}],"collection":[{"href":"https:\/\/mohdchauhan.com\/tykkisluuppi\/wp-json\/wp\/v2\/pages"}],"about":[{"href":"https:\/\/mohdchauhan.com\/tykkisluuppi\/wp-json\/wp\/v2\/types\/page"}],"author":[{"embeddable":true,"href":"https:\/\/mohdchauhan.com\/tykkisluuppi\/wp-json\/wp\/v2\/users\/1"}],"replies":[{"embeddable":true,"href":"https:\/\/mohdchauhan.com\/tykkisluuppi\/wp-json\/wp\/v2\/comments?post=22"}],"version-history":[{"count":0,"href":"https:\/\/mohdchauhan.com\/tykkisluuppi\/wp-json\/wp\/v2\/pages\/22\/revisions"}],"wp:attachment":[{"href":"https:\/\/mohdchauhan.com\/tykkisluuppi\/wp-json\/wp\/v2\/media?parent=22"}],"curies":[{"name":"wp","href":"https:\/\/api.w.org\/{rel}","templated":true}]}}