{"id":24,"date":"2021-02-03T14:43:58","date_gmt":"2021-02-03T14:43:58","guid":{"rendered":"https:\/\/mohdchauhan.com\/tykkisluuppi\/?page_id=24"},"modified":"2021-02-15T14:17:37","modified_gmt":"2021-02-15T14:17:37","slug":"tilauspurjehdukset","status":"publish","type":"page","link":"https:\/\/mohdchauhan.com\/tykkisluuppi\/tilauspurjehdukset\/","title":{"rendered":"Tilauspurjehdukset"},"content":{"rendered":"<h2>Tilauspurjehdus tarjonta 2021<\/h2>\n<p>Tykkisluuppi Dianan purjehdukset tarjoavat ryhmille tunnelmallisia merimatkoja entisaikain aluksella sek\u00e4 historian havinaa mielenkiintoisella ja el\u00e4myksellisell\u00e4 tavalla. Tutustu purjehdustarjontaan ja <a href=\"http:\/\/www.suomenlinnatours.com\/order-fi\" target=\"_blank\" rel=\"noopener\">varaa<\/a> ryhm\u00e4lle retki hauska merimatka 1700-luvulle. Merellisen matkan oheen voidaan liitt\u00e4\u00e4 Suomenlinnassa <a href=\"http:\/\/www.suomenlinnatours.com\/kokous-ja-virkistyspaivat\" target=\"_blank\" rel=\"noopener\">kokous- ja tarjoilupalveluita<\/a> tai vaikka <a href=\"http:\/\/www.suomenlinnatours.com\/ryhmille\" target=\"_blank\" rel=\"noopener\">opastettu kierros<\/a> linnoituksessa.<\/p>\n<hr \/>\n<h3><img loading=\"lazy\" decoding=\"async\" class=\"alignleft size-full wp-image-225\" src=\"https:\/\/mohdchauhan.com\/tykkisluuppi\/wp-content\/uploads\/2021\/02\/page-pic9.jpg\" alt=\"\" width=\"370\" height=\"450\" srcset=\"https:\/\/mohdchauhan.com\/tykkisluuppi\/wp-content\/uploads\/2021\/02\/page-pic9.jpg 370w, https:\/\/mohdchauhan.com\/tykkisluuppi\/wp-content\/uploads\/2021\/02\/page-pic9-247x300.jpg 247w\" sizes=\"auto, (max-width: 370px) 100vw, 370px\" \/>1700-luvun tyylill\u00e4 Suomenlinnaan<\/h3>\n<p>Tykkisluuppi Diana kuljettaa ryhm\u00e4si 1700-luvun tyyliin Kruununhaasta Suomenlinnaan tai toisinp\u00e4in. Miksi tyyty\u00e4 lauttaan, kun voit valita tunnelmallisen kyydin tykkisluuppi Dianalla! Tykkisluuppi Diana miehist\u00f6ineen tarjoaa mieleenpainuvan merimatkan manner-Helsingist\u00e4 Suomenlinnaan ja\/tai toisinp\u00e4in. Matkan kesto on noin puoli tuntia, kun alusta ajetaan moottorilla. Suosittelemme kuitenkin taittamaan matkaa purjein ja varaamaan aikaa reilummin, kuitenkin korkeintaan 60 minuuttia.<\/p>\n<p><strong>Ryhm\u00e4n koko korkeintaan 40 henkil\u00f6\u00e4. Hinta 700 euroa + alv 10 % \/ suunta (max 1 tunti).<\/strong><\/p>\n<p>Tiedustelut ja varaukset: <a class=\"emaillink\" href=\"mailto:guidebooking@suomenlinnatours.com\"><span class=\"sr-only\">Email address<\/span>guidebooking@suomenlinnatours.com<\/a><\/p>\n<hr \/>\n<h3><img loading=\"lazy\" decoding=\"async\" class=\"alignleft size-full wp-image-218\" src=\"https:\/\/mohdchauhan.com\/tykkisluuppi\/wp-content\/uploads\/2021\/02\/page-pic2.jpg\" alt=\"\" width=\"370\" height=\"450\" srcset=\"https:\/\/mohdchauhan.com\/tykkisluuppi\/wp-content\/uploads\/2021\/02\/page-pic2.jpg 370w, https:\/\/mohdchauhan.com\/tykkisluuppi\/wp-content\/uploads\/2021\/02\/page-pic2-247x300.jpg 247w\" sizes=\"auto, (max-width: 370px) 100vw, 370px\" \/> Viapori-risteily<\/h3>\n<p>Kahden tunnin risteilyll\u00e4 Suomenlinnan l\u00e4hivesill\u00e4 nautitaan historiallisen purjealuksen merellisest\u00e4 tunnelmasta. Osallistujat p\u00e4\u00e4sev\u00e4t halutessaan avustamaan 1700-luvun univormuihin sonnustautunutta miehist\u00f6\u00e4 purjeiden nostossa ja laskussa. Ryhm\u00e4n koko korkeintaan 40 henkil\u00f6\u00e4. Matkaan voidaan l\u00e4hte\u00e4 Suomenlinnan Tykist\u00f6lahdelta tai Halkolaiturilta Pohjoisrannasta. L\u00e4ht\u00f6laiturista (Kruununhaan Halkolaituri tai Suomenlinnan Tykist\u00f6lahti) riippuen risteilyn reitti kulkee Katajanokan, Lonnan, Vallisaaren, Suomenlinnan ja S\u00e4rk\u00e4n vesill\u00e4. <strong>Hinta 1000 euroa + alv 10 %<\/strong><\/p>\n<hr \/>\n<h3><img loading=\"lazy\" decoding=\"async\" class=\"alignleft size-full wp-image-226\" src=\"https:\/\/mohdchauhan.com\/tykkisluuppi\/wp-content\/uploads\/2021\/02\/page-pic10.jpg\" alt=\"\" width=\"370\" height=\"450\" srcset=\"https:\/\/mohdchauhan.com\/tykkisluuppi\/wp-content\/uploads\/2021\/02\/page-pic10.jpg 370w, https:\/\/mohdchauhan.com\/tykkisluuppi\/wp-content\/uploads\/2021\/02\/page-pic10-247x300.jpg 247w\" sizes=\"auto, (max-width: 370px) 100vw, 370px\" \/> Valistusajan meriseikkailu<\/h3>\n<p>Kahden tunnin risteily tarjoaa hauskan retken 1700-luvun lopulle. Historialliset hahmot viev\u00e4t ryhm\u00e4n seikkailulle Kustaa III:n Ven\u00e4j\u00e4n sodan aikaan. Risteilyis\u00e4ntin\u00e4 toimivat amiraali Fredrik Henrik af Chapman ja kapteeni Carl Fredrik Arnkihl valmistelevat saaristolaivaston Viaporin eskaaderin l\u00e4ht\u00f6\u00e4 merille ja tarvitsevat apuvoimia miehist\u00f6\u00f6n. Valistusajan meriseikkailu on yhdistelm\u00e4 rentoa, merellist\u00e4 aktiviteettia ja draamaopastusta, joka keskittyy el\u00e4m\u00e4\u00e4n saaristolaivastossa. Osallistujat p\u00e4\u00e4sev\u00e4t halutessaan avustamaan purjeiden nostossa ja laskussa. Lis\u00e4ksi muutama reipas p\u00e4\u00e4see mukaan soutuharjoitukseen. Osallistujat saavat el\u00e4v\u00e4n kokemuksen siit\u00e4, millaista aluksella oli aikoinaan seilata.<\/p>\n<p>Matkaan voidaan l\u00e4hte\u00e4 Suomenlinnan Tykist\u00f6lahdelta tai Halkolaiturilta Pohjoisrannasta. Kielet: suomi, ruotsi ja englanti. <strong>Ryhm\u00e4n koko korkeintaan 40 henkil\u00f6\u00e4. Hinta 1500 euroa + alv 10 %.<\/strong><\/p>\n<hr \/>\n<h3><img loading=\"lazy\" decoding=\"async\" class=\"alignleft size-full wp-image-255\" src=\"https:\/\/mohdchauhan.com\/tykkisluuppi\/wp-content\/uploads\/2021\/02\/page-pic12.jpg\" alt=\"\" width=\"370\" height=\"450\" srcset=\"https:\/\/mohdchauhan.com\/tykkisluuppi\/wp-content\/uploads\/2021\/02\/page-pic12.jpg 370w, https:\/\/mohdchauhan.com\/tykkisluuppi\/wp-content\/uploads\/2021\/02\/page-pic12-247x300.jpg 247w\" sizes=\"auto, (max-width: 370px) 100vw, 370px\" \/> Ruotsinsalmi 1790<\/h3>\n<p>Purjehdus tarjoaa tykkien pauketta ja ruudinsavua mustaruutikanuunoilla historianjanoisille. Ruotsinsalmi 1790 on kahden tunnin risteily, joka tarjoaa el\u00e4myksellisen aikamatkan 1700-luvulle. Risteily on yhdistelm\u00e4 k\u00e4sikirjoitettua draamaopastusta, mustaruutitykkien pauketta ja tunnelmallista ulkoilma-aktiviteettia. Risteily\u00e4 johtavat Kustaa III:n Ven\u00e4j\u00e4n sodan historialliset henkil\u00f6hahmot sek\u00e4 ajanmukaisiin univormuihin sonnustautuneet tykkimiehet. Osallistujat p\u00e4\u00e4sev\u00e4t halutessaan avustamaan aluksen miehist\u00f6\u00e4 purjeiden nostossa ja laskussa, lis\u00e4ksi muutama reipas p\u00e4\u00e4see mukaan soutuharjoitukseen.<\/p>\n<p>Risteilyll\u00e4 seikkaillaan Suomenlinnan linnoitussaarten vesill\u00e4. Matkaan voidaan l\u00e4hte\u00e4 Suomenlinnan Tykist\u00f6lahdelta tai Kruununhaan Halkolaiturista. Kielet: suomi, ruotsi ja englanti. <strong>Ryhm\u00e4n koko korkeintaan 39 henkil\u00f6\u00e4. Hinta 1900 euroa + alv 10 %.<\/strong><\/p>\n<hr \/>\n<h3><img loading=\"lazy\" decoding=\"async\" class=\"alignleft size-full wp-image-256\" src=\"https:\/\/mohdchauhan.com\/tykkisluuppi\/wp-content\/uploads\/2021\/02\/page-pic13.jpg\" alt=\"\" width=\"370\" height=\"450\" srcset=\"https:\/\/mohdchauhan.com\/tykkisluuppi\/wp-content\/uploads\/2021\/02\/page-pic13.jpg 370w, https:\/\/mohdchauhan.com\/tykkisluuppi\/wp-content\/uploads\/2021\/02\/page-pic13-247x300.jpg 247w\" sizes=\"auto, (max-width: 370px) 100vw, 370px\" \/> Soutamalla Suomenlinnaan<\/h3>\n<p>Millaista olisi ollut soutaa Viaporin saaristolaivastoon kuulunutta tykkisluuppia? Tykkisluuppi Dianaa varten on veistetty yli 8-metriset puiset airot, joten alusta voidaan soutaa aivan kuten sen esikuvia 1700-luvun loppupuolella. Yleens\u00e4 kaksi henkil\u00f6\u00e4 k\u00e4ytt\u00e4\u00e4 yht\u00e4 airoa. Sluupin soutuharjoittelu Suomenlinnan ja Vallisaaren l\u00e4hivesill\u00e4 tarjoaa hienoja n\u00e4k\u00f6kulmia linnoitussaariin ja ennen kaikkea j\u00e4nnitt\u00e4v\u00e4n seikkailun ryhm\u00e4lle, joka haluaa haastaa tiimitaitonsa ja saada aluksen lihasvoimin liikkeelle.<\/p>\n<p>Kesto alkaen 2 tuntia. Ryhm\u00e4n koko korkeintaan 30-40 henkil\u00f6\u00e4. Matkaan voidaan l\u00e4hte\u00e4 Suomenlinnan Tykist\u00f6lahdelta tai Kruununhaan Halkolaiturista. <strong>Hinta 1500 euroa + alv 10 % Matkalle voi varata lis\u00e4palveluna mukaan soutua tahdittamaan itsens\u00e4 amiraali F. H. af Chapmanin, joka aikoinaan suunnitteli tykkisluupin.<\/strong><\/p>\n<hr \/>\n<div class=\"hgltbox\"><a href=\"http:\/\/www.suomenlinnatours.com\/order-fi\" target=\"_blank\" rel=\"noopener\">Varaa tilauspurjehdus<\/a> ryhm\u00e4lle.<\/div>\n<p><strong>Tiedustelut ja lis\u00e4tiedot:<\/strong><\/p>\n<p>Ehrensv\u00e4rd-seura, <span class=\"phoneno\"><span class=\"sr-only\">Phone number<\/span>09 6841850<\/span>, <a class=\"emaillink\" href=\"mailto:guidebooking@suomenlinnatours.com\"><span class=\"sr-only\">Email address<\/span>guidebooking (at) suomenlinnatours.com<\/a><\/p>\n<p>Rajoitamme vastuumme ohjelman j\u00e4rjest\u00e4misest\u00e4 merilain mukaisesti. Pid\u00e4t\u00e4mme oikeuden tehd\u00e4 muutoksia annettuihin tietoihin.<\/p>\n","protected":false},"excerpt":{"rendered":"<p>Tilauspurjehdus tarjonta 2021 Tykkisluuppi Dianan purjehdukset tarjoavat ryhmille tunnelmallisia merimatkoja entisaikain aluksella sek\u00e4 historian havinaa mielenkiintoisella ja el\u00e4myksellisell\u00e4 tavalla. Tutustu purjehdustarjontaan ja varaa ryhm\u00e4lle retki hauska merimatka 1700-luvulle. Merellisen matkan oheen voidaan liitt\u00e4\u00e4 Suomenlinnassa kokous- ja tarjoilupalveluita tai vaikka opastettu kierros linnoituksessa. 1700-luvun tyylill\u00e4 Suomenlinnaan Tykkisluuppi Diana kuljettaa ryhm\u00e4si 1700-luvun tyyliin Kruununhaasta Suomenlinnaan tai toisinp\u00e4in. [&hellip;]<\/p>\n","protected":false},"author":1,"featured_media":0,"parent":0,"menu_order":0,"comment_status":"closed","ping_status":"closed","template":"","meta":{"_acf_changed":false,"footnotes":""},"class_list":["post-24","page","type-page","status-publish","hentry"],"acf":[],"_links":{"self":[{"href":"https:\/\/mohdchauhan.com\/tykkisluuppi\/wp-json\/wp\/v2\/pages\/24","targetHints":{"allow":["GET"]}}],"collection":[{"href":"https:\/\/mohdchauhan.com\/tykkisluuppi\/wp-json\/wp\/v2\/pages"}],"about":[{"href":"https:\/\/mohdchauhan.com\/tykkisluuppi\/wp-json\/wp\/v2\/types\/page"}],"author":[{"embeddable":true,"href":"https:\/\/mohdchauhan.com\/tykkisluuppi\/wp-json\/wp\/v2\/users\/1"}],"replies":[{"embeddable":true,"href":"https:\/\/mohdchauhan.com\/tykkisluuppi\/wp-json\/wp\/v2\/comments?post=24"}],"version-history":[{"count":0,"href":"https:\/\/mohdchauhan.com\/tykkisluuppi\/wp-json\/wp\/v2\/pages\/24\/revisions"}],"wp:attachment":[{"href":"https:\/\/mohdchauhan.com\/tykkisluuppi\/wp-json\/wp\/v2\/media?parent=24"}],"curies":[{"name":"wp","href":"https:\/\/api.w.org\/{rel}","templated":true}]}}